{"id":25836,"date":"2025-08-18T04:33:25","date_gmt":"2025-08-18T04:33:25","guid":{"rendered":"https:\/\/cteacer.com\/?post_type=product&#038;p=25836"},"modified":"2025-08-19T09:15:06","modified_gmt":"2025-08-19T09:15:06","slug":"famille-rose-carved-gesang-flower-with-blue-and-white-serene-mountains-turquoise-green-conical-bowl","status":"publish","type":"product","link":"https:\/\/cteacer.com\/fr\/produit\/famille-rose-carved-gesang-flower-with-blue-and-white-serene-mountains-turquoise-green-conical-bowl\/","title":{"rendered":"Famille Rose Carved Gesang Flower with Blue-and-White &#8220;Serene Mountains&#8221; Turquoise Green Conical Bowl"},"content":{"rendered":"","protected":false},"excerpt":{"rendered":"<p>\u2022 Elegant Azure Charm: Fresh, naturally inspired glaze color; gently soothing and warm to the touch.<\/p>\n<p>\u2022 Harmony of Pattern: Intricate geometric designs layered with precision; a fusion of clean form and refined complexity.<\/p>\n<p>\u2022 Play of Light &amp; Shadow: Unique interplay of light highlights the exquisite texture and quality of the fine ceramic.<\/p>\n<p>\u2022 Depth in Contrast: Rendered uniquely elegant against a luxe, deep backdrop.<\/p>\n<p>\u2022 Vessel of Philosophy: Embodying the mindful art of living: &#8220;Intricacy within Simplicity, the Rhythm of Life.&#8221; (Chinese Original: \u4e00\u7e41\u4e00\u7b80\uff0c\u4e00\u5f20\u4e00\u5f1b &#8211; Y\u012b f\u00e1n y\u012b ji\u01cen, y\u012b zh\u0101ng y\u012b ch\u00ed).<\/p>\n<p>\u2022 Artful Function: Meticulously crafted for daily use and display as a piece of art.<\/p>\n<p>Let this vessel, blending Eastern aesthetics with modern design, enhance your everyday moments and bring tranquility to your spirit. Embrace a rhythm of ease within simplicity, and discover harmony within complexity.<\/p>\n<p>Refined \u00b7 Ordered \u00b7 Life Captured<\/p>","protected":false},"featured_media":25106,"comment_status":"open","ping_status":"closed","template":"","meta":[],"product_brand":[],"product_cat":[101],"product_tag":[],"class_list":{"0":"post-25836","1":"product","2":"type-product","3":"status-publish","4":"has-post-thumbnail","6":"product_cat-teaware","8":"first","9":"instock","10":"sale","11":"shipping-taxable","12":"purchasable","13":"product-type-simple"},"_links":{"self":[{"href":"https:\/\/cteacer.com\/fr\/wp-json\/wp\/v2\/product\/25836","targetHints":{"allow":["GET"]}}],"collection":[{"href":"https:\/\/cteacer.com\/fr\/wp-json\/wp\/v2\/product"}],"about":[{"href":"https:\/\/cteacer.com\/fr\/wp-json\/wp\/v2\/types\/product"}],"replies":[{"embeddable":true,"href":"https:\/\/cteacer.com\/fr\/wp-json\/wp\/v2\/comments?post=25836"}],"version-history":[{"count":0,"href":"https:\/\/cteacer.com\/fr\/wp-json\/wp\/v2\/product\/25836\/revisions"}],"wp:featuredmedia":[{"embeddable":true,"href":"https:\/\/cteacer.com\/fr\/wp-json\/wp\/v2\/media\/25106"}],"wp:attachment":[{"href":"https:\/\/cteacer.com\/fr\/wp-json\/wp\/v2\/media?parent=25836"}],"wp:term":[{"taxonomy":"product_brand","embeddable":true,"href":"https:\/\/cteacer.com\/fr\/wp-json\/wp\/v2\/product_brand?post=25836"},{"taxonomy":"product_cat","embeddable":true,"href":"https:\/\/cteacer.com\/fr\/wp-json\/wp\/v2\/product_cat?post=25836"},{"taxonomy":"product_tag","embeddable":true,"href":"https:\/\/cteacer.com\/fr\/wp-json\/wp\/v2\/product_tag?post=25836"}],"curies":[{"name":"wp","href":"https:\/\/api.w.org\/{rel}","templated":true}]}}